{"id":8710,"date":"2025-01-16T03:06:31","date_gmt":"2025-01-16T02:06:31","guid":{"rendered":"https:\/\/kasanier.com\/?page_id=8710"},"modified":"2025-01-18T22:17:34","modified_gmt":"2025-01-18T21:17:34","slug":"mentions-legales","status":"publish","type":"page","link":"https:\/\/kasanier.com\/?page_id=8710","title":{"rendered":"Mentions l\u00e9gales"},"content":{"rendered":"\t\t<div data-elementor-type=\"wp-page\" data-elementor-id=\"8710\" class=\"elementor elementor-8710\">\n\t\t\t\t<div class=\"elementor-element elementor-element-6329151 e-flex e-con-boxed e-con e-parent\" data-id=\"6329151\" data-element_type=\"container\">\n\t\t\t\t\t<div class=\"e-con-inner\">\n\t\t\t\t<div class=\"elementor-element elementor-element-03ceaa1 elementor-widget elementor-widget-text-editor\" data-id=\"03ceaa1\" data-element_type=\"widget\" data-widget_type=\"text-editor.default\">\n\t\t\t\t<div class=\"elementor-widget-container\">\n\t\t\t\t\t\t\t\t\t<p><b>Mentions L\u00e9gales<\/b><br \/><i>Derni\u00e8re mise \u00e0 jour : 15 01 25<\/i><\/p><p><b>\u00c9diteur du site \/<\/b><\/p><ul><li><b>Nom de l\u2019entreprise<\/b> : Aloha<\/li><li><b>Statut juridique<\/b> : SARL<\/li><li><b>RCS<\/b> : <b>878876606Si\u00e8ge social<\/b> : 22 Rue des Arawaks &#8211; 97223 &#8211; Le Diamant &#8211; Martinique<\/li><li><b>Email<\/b> : <a href=\"mailto:charly@alohastudio.fr\">charly@alohastudio.fr<\/a><\/li><\/ul><p><b>H\u00e9bergeur du site \/<\/b><\/p><p>Le site est h\u00e9berg\u00e9 par<\/p><p>Si\u00e8ge social : 2 rue Kellermann &#8211; 59100 Roubaix &#8211; France. OVH SAS est une filiale de la soci\u00e9t\u00e9 OVH Groupe SA, soci\u00e9t\u00e9 immatricul\u00e9e au RCS de Lille sous le num\u00e9ro 537 407 926 sise 2, rue Kellermann, 59100 Roubaix.<\/p><p><b>Propri\u00e9t\u00e9 intellectuelle \/<\/b><\/p><p>Tous les contenus du site sont prot\u00e9g\u00e9s par les lois fran\u00e7aises et internationales relatives \u00e0 la propri\u00e9t\u00e9 intellectuelle. Toute reproduction sans autorisation est interdite.<\/p><p><b>Protection des donn\u00e9es personnelles \/<\/b><\/p><p>Conform\u00e9ment au RGPD, vous disposez d\u2019un droit d\u2019acc\u00e8s, de rectification, et de suppression de vos donn\u00e9es personnelles. Pour exercer ces droits, contactez-nous \u00e0 l\u2019adresse suivante :<\/p><ul><li><b>Email<\/b> : <a href=\"mailto:charly@alohastudio.fr\">charly@alohastudio.fr<\/a><\/li><\/ul><p><b>Droit applicable \/<\/b><\/p><p>Les pr\u00e9sentes mentions l\u00e9gales sont r\u00e9gies par la loi fran\u00e7aise.<\/p><p>Contenu \/<\/p><p>Les graphiques, interfaces, marques, logos, sons (collectivement le \u201cContenu\u201d) sont la propri\u00e9t\u00e9 de la soci\u00e9t\u00e9 Aloha et sont prot\u00e9g\u00e9s par le droit d\u2019auteur. Certains textes, photos et vid\u00e9os sont la propri\u00e9t\u00e9 de nos partenaires et sont prot\u00e9g\u00e9s. Vous pouvez demander \u00e0 nos partenaires l\u2019autorisation d\u2019utiliser ou de copier ce contenu. Tous les exemplaires, complets ou partiels, sont interdits sans le consentement pr\u00e9alable des auteurs et de la soci\u00e9t\u00e9 Aloha<\/p><p>Utilisation \/<\/p><p>Vous ne pouvez pas utiliser le Site ou son Contenu \u00e0 des fins ill\u00e9gales ou interdites par les pr\u00e9sentes Conditions.<\/p><p>Vous acceptez \u00e9galement de ne pas faire de fausses demandes de r\u00e9servation, d\u2019acc\u00e9der, surveiller ou copier tout contenu ou information de ce site en utilisant des liens, robots ou autres programmes et algorithmes automatiques.<\/p><p>Veuillez nous contacter pour toute demande relative \u00e0 nos conditions d\u2019utilisations. Vous pouvez nous envoyer un email.<\/p><p>Consentement \/<\/p><p>En utilisant notre site, vous consentez \u00e0 notre politique de confidentialit\u00e9 du site web.<\/p><p>Nous contactez \/<\/p><p>Si vous avez des questions au sujet de l\u2019utilisation de vos donn\u00e9es personnelles, veuillez nous contacter par email.<\/p><p>Changement de notre politique de vie priv\u00e9e \/<\/p><p>Si nous d\u00e9cidons de changer notre politique de confidentialit\u00e9, nous afficherons ces modifications sur cette page.<\/p>\t\t\t\t\t\t\t\t<\/div>\n\t\t\t\t<\/div>\n\t\t\t\t\t<\/div>\n\t\t\t\t<\/div>\n\t\t\t\t<\/div>\n\t\t","protected":false},"excerpt":{"rendered":"<p>Mentions L\u00e9galesDerni\u00e8re mise \u00e0 jour : 15 01 25 \u00c9diteur du site \/ Nom de l\u2019entreprise : Aloha Statut juridique : SARL RCS : 878876606Si\u00e8ge social : 22 Rue des Arawaks &#8211; 97223 &#8211; Le Diamant &#8211; Martinique Email : charly@alohastudio.fr H\u00e9bergeur du site \/ Le site est h\u00e9berg\u00e9 par Si\u00e8ge social : 2 rue [&hellip;]<\/p>\n","protected":false},"author":1,"featured_media":0,"parent":0,"menu_order":0,"comment_status":"closed","ping_status":"closed","template":"","meta":{"footnotes":""},"class_list":["post-8710","page","type-page","status-publish","hentry"],"yoast_head":"<!-- This site is optimized with the Yoast SEO plugin v24.2 - https:\/\/yoast.com\/wordpress\/plugins\/seo\/ -->\n<title>Mentions l\u00e9gales - Kasanier<\/title>\n<meta name=\"robots\" content=\"index, follow, max-snippet:-1, max-image-preview:large, max-video-preview:-1\" \/>\n<link rel=\"canonical\" href=\"https:\/\/kasanier.com\/?page_id=8710\" \/>\n<meta property=\"og:locale\" content=\"fr_FR\" \/>\n<meta property=\"og:type\" content=\"article\" \/>\n<meta property=\"og:title\" content=\"Mentions l\u00e9gales - Kasanier\" \/>\n<meta property=\"og:description\" content=\"Mentions L\u00e9galesDerni\u00e8re mise \u00e0 jour : 15 01 25 \u00c9diteur du site \/ Nom de l\u2019entreprise : Aloha Statut juridique : SARL RCS : 878876606Si\u00e8ge social : 22 Rue des Arawaks &#8211; 97223 &#8211; Le Diamant &#8211; Martinique Email : charly@alohastudio.fr H\u00e9bergeur du site \/ Le site est h\u00e9berg\u00e9 par Si\u00e8ge social : 2 rue [&hellip;]\" \/>\n<meta property=\"og:url\" content=\"https:\/\/kasanier.com\/?page_id=8710\" \/>\n<meta property=\"og:site_name\" content=\"Kasanier\" \/>\n<meta property=\"article:modified_time\" content=\"2025-01-18T21:17:34+00:00\" \/>\n<meta name=\"twitter:card\" content=\"summary_large_image\" \/>\n<meta name=\"twitter:label1\" content=\"Dur\u00e9e de lecture estim\u00e9e\" \/>\n\t<meta name=\"twitter:data1\" content=\"2 minutes\" \/>\n<script type=\"application\/ld+json\" class=\"yoast-schema-graph\">{\"@context\":\"https:\/\/schema.org\",\"@graph\":[{\"@type\":\"WebPage\",\"@id\":\"https:\/\/kasanier.com\/?page_id=8710\",\"url\":\"https:\/\/kasanier.com\/?page_id=8710\",\"name\":\"Mentions l\u00e9gales - Kasanier\",\"isPartOf\":{\"@id\":\"https:\/\/kasanier.com\/#website\"},\"datePublished\":\"2025-01-16T02:06:31+00:00\",\"dateModified\":\"2025-01-18T21:17:34+00:00\",\"breadcrumb\":{\"@id\":\"https:\/\/kasanier.com\/?page_id=8710#breadcrumb\"},\"inLanguage\":\"fr-FR\",\"potentialAction\":[{\"@type\":\"ReadAction\",\"target\":[\"https:\/\/kasanier.com\/?page_id=8710\"]}]},{\"@type\":\"BreadcrumbList\",\"@id\":\"https:\/\/kasanier.com\/?page_id=8710#breadcrumb\",\"itemListElement\":[{\"@type\":\"ListItem\",\"position\":1,\"name\":\"Accueil\",\"item\":\"https:\/\/kasanier.com\/\"},{\"@type\":\"ListItem\",\"position\":2,\"name\":\"Mentions l\u00e9gales\"}]},{\"@type\":\"WebSite\",\"@id\":\"https:\/\/kasanier.com\/#website\",\"url\":\"https:\/\/kasanier.com\/\",\"name\":\"Kasanier\",\"description\":\"Id\u00e9es d\u00e9co, lifestyle en Martinique\",\"potentialAction\":[{\"@type\":\"SearchAction\",\"target\":{\"@type\":\"EntryPoint\",\"urlTemplate\":\"https:\/\/kasanier.com\/?s={search_term_string}\"},\"query-input\":{\"@type\":\"PropertyValueSpecification\",\"valueRequired\":true,\"valueName\":\"search_term_string\"}}],\"inLanguage\":\"fr-FR\"}]}<\/script>\n<!-- \/ Yoast SEO plugin. -->","yoast_head_json":{"title":"Mentions l\u00e9gales - Kasanier","robots":{"index":"index","follow":"follow","max-snippet":"max-snippet:-1","max-image-preview":"max-image-preview:large","max-video-preview":"max-video-preview:-1"},"canonical":"https:\/\/kasanier.com\/?page_id=8710","og_locale":"fr_FR","og_type":"article","og_title":"Mentions l\u00e9gales - Kasanier","og_description":"Mentions L\u00e9galesDerni\u00e8re mise \u00e0 jour : 15 01 25 \u00c9diteur du site \/ Nom de l\u2019entreprise : Aloha Statut juridique : SARL RCS : 878876606Si\u00e8ge social : 22 Rue des Arawaks &#8211; 97223 &#8211; Le Diamant &#8211; Martinique Email : charly@alohastudio.fr H\u00e9bergeur du site \/ Le site est h\u00e9berg\u00e9 par Si\u00e8ge social : 2 rue [&hellip;]","og_url":"https:\/\/kasanier.com\/?page_id=8710","og_site_name":"Kasanier","article_modified_time":"2025-01-18T21:17:34+00:00","twitter_card":"summary_large_image","twitter_misc":{"Dur\u00e9e de lecture estim\u00e9e":"2 minutes"},"schema":{"@context":"https:\/\/schema.org","@graph":[{"@type":"WebPage","@id":"https:\/\/kasanier.com\/?page_id=8710","url":"https:\/\/kasanier.com\/?page_id=8710","name":"Mentions l\u00e9gales - Kasanier","isPartOf":{"@id":"https:\/\/kasanier.com\/#website"},"datePublished":"2025-01-16T02:06:31+00:00","dateModified":"2025-01-18T21:17:34+00:00","breadcrumb":{"@id":"https:\/\/kasanier.com\/?page_id=8710#breadcrumb"},"inLanguage":"fr-FR","potentialAction":[{"@type":"ReadAction","target":["https:\/\/kasanier.com\/?page_id=8710"]}]},{"@type":"BreadcrumbList","@id":"https:\/\/kasanier.com\/?page_id=8710#breadcrumb","itemListElement":[{"@type":"ListItem","position":1,"name":"Accueil","item":"https:\/\/kasanier.com\/"},{"@type":"ListItem","position":2,"name":"Mentions l\u00e9gales"}]},{"@type":"WebSite","@id":"https:\/\/kasanier.com\/#website","url":"https:\/\/kasanier.com\/","name":"Kasanier","description":"Id\u00e9es d\u00e9co, lifestyle en Martinique","potentialAction":[{"@type":"SearchAction","target":{"@type":"EntryPoint","urlTemplate":"https:\/\/kasanier.com\/?s={search_term_string}"},"query-input":{"@type":"PropertyValueSpecification","valueRequired":true,"valueName":"search_term_string"}}],"inLanguage":"fr-FR"}]}},"_links":{"self":[{"href":"https:\/\/kasanier.com\/index.php?rest_route=\/wp\/v2\/pages\/8710","targetHints":{"allow":["GET"]}}],"collection":[{"href":"https:\/\/kasanier.com\/index.php?rest_route=\/wp\/v2\/pages"}],"about":[{"href":"https:\/\/kasanier.com\/index.php?rest_route=\/wp\/v2\/types\/page"}],"author":[{"embeddable":true,"href":"https:\/\/kasanier.com\/index.php?rest_route=\/wp\/v2\/users\/1"}],"replies":[{"embeddable":true,"href":"https:\/\/kasanier.com\/index.php?rest_route=%2Fwp%2Fv2%2Fcomments&post=8710"}],"version-history":[{"count":4,"href":"https:\/\/kasanier.com\/index.php?rest_route=\/wp\/v2\/pages\/8710\/revisions"}],"predecessor-version":[{"id":8714,"href":"https:\/\/kasanier.com\/index.php?rest_route=\/wp\/v2\/pages\/8710\/revisions\/8714"}],"wp:attachment":[{"href":"https:\/\/kasanier.com\/index.php?rest_route=%2Fwp%2Fv2%2Fmedia&parent=8710"}],"curies":[{"name":"wp","href":"https:\/\/api.w.org\/{rel}","templated":true}]}}